{"id":755,"date":"2013-02-13T02:16:54","date_gmt":"2013-02-13T02:16:54","guid":{"rendered":"http:\/\/theweddingphotographyblog.wordpress.com\/?page_id=1"},"modified":"2025-04-15T14:14:07","modified_gmt":"2025-04-15T14:14:07","slug":"fotografo-bodas-barcelona","status":"publish","type":"page","link":"https:\/\/andreudozphotography.com\/blog\/fotografo-bodas-barcelona\/","title":{"rendered":"Info"},"content":{"rendered":"<h1 style=\"text-align: center;\"><strong>DOZ PHOTOGRAPHY<\/strong><\/h1>\n<h3 style=\"text-align: center;\">FOT\u00f3GRAFO BODAS BARCELONA<\/h3>\n<div class=\"page\" title=\"Page 6\">\n<div class=\"section\">\n<div class=\"layoutArea\">\n<div class=\"column\">\n<p>&nbsp;<\/p>\n<p><img decoding=\"async\" class=\"alignleft wp-image-14392 size-medium lazyload\" title=\"Fotografo Bodas Barcelona\" data-src=\"https:\/\/andreudozphotography.com\/blog\/wp-content\/uploads\/2025\/04\/Doz-Logo-300x225.jpg\" alt=\"Fotografo Bodas Barcelona\" width=\"300\" height=\"225\" data-srcset=\"https:\/\/andreudozphotography.com\/blog\/wp-content\/uploads\/2025\/04\/Doz-Logo-300x225.jpg 300w, https:\/\/andreudozphotography.com\/blog\/wp-content\/uploads\/2025\/04\/Doz-Logo-1024x767.jpg 1024w, https:\/\/andreudozphotography.com\/blog\/wp-content\/uploads\/2025\/04\/Doz-Logo-768x575.jpg 768w, https:\/\/andreudozphotography.com\/blog\/wp-content\/uploads\/2025\/04\/Doz-Logo-1536x1151.jpg 1536w, https:\/\/andreudozphotography.com\/blog\/wp-content\/uploads\/2025\/04\/Doz-Logo-2048x1535.jpg 2048w, https:\/\/andreudozphotography.com\/blog\/wp-content\/uploads\/2025\/04\/Doz-Logo-360x270.jpg 360w, https:\/\/andreudozphotography.com\/blog\/wp-content\/uploads\/2025\/04\/Doz-Logo-1200x900-cropped.jpg 1200w\" data-sizes=\"(max-width: 300px) 100vw, 300px\" src=\"data:image\/svg+xml;base64,PHN2ZyB3aWR0aD0iMSIgaGVpZ2h0PSIxIiB4bWxucz0iaHR0cDovL3d3dy53My5vcmcvMjAwMC9zdmciPjwvc3ZnPg==\" style=\"--smush-placeholder-width: 300px; --smush-placeholder-aspect-ratio: 300\/225;\" \/>Dos foto\u0301grafos, dos miradas distintas, pero un equipo muy so\u0301lido. Nuestro trabajo es difi\u0301cil porque la responsabilidad que se nos confi\u0301a es enorme. Fotografiar bodas es un privilegio y una aventura. <strong>Somos Andreu i Aleksandra, fot\u00f3grafos de boda de Barcelona<\/strong><\/p>\n<h2>\u00bfQue\u0301 es el di\u0301a de la boda para nosotros?<\/h2>\n<p>\u00c9s la manera de conocer el mundo a trave\u0301s de las personas y sus tradiciones, pero tambi\u00e9n el deseo de retratar lo que vemos de la mejor manera posible. Un d\u00eda en donde la ilusio\u0301n de poder captar las emociones y preservarlas en una imagen. Y la oportunidad de participar en un proyecto u\u0301nico. Pero sobretodo es la promesa de crear vuestras memorias.<\/p>\n<p>Es el di\u0301a que se celebra durante toda la vida.<\/p>\n<p>&nbsp;<\/p>\n<\/div>\n<\/div>\n<\/div>\n<\/div>\n<h3>NUESTRO ESTILO FOTOGR\u00c1FICO&nbsp;<\/h3>\n<p>La posibilidad de capturar y preservar la emoci\u00f3n en una imagen es lo que m\u00e1s nos seduce y fascina sobre la fotograf\u00eda.<\/p>\n<p>Definimos nuestro estilo fotogr\u00e1fico como directo, documental y narrativo. Nuestras fotografias son naturales, din\u00e1micas y honestas. Sin embargo, nuestro objetivo&nbsp; es contar la historia del d\u00eda, tal como ocurre, sin interferir ni molestar, sin dirigir ni agobiar.<\/p>\n<p>La magia esta presente en cada boda y nuestro reto es capturarla.<\/p>\n<p>Nos gusta conocer a las parejas con tiempo y establecer una relaci\u00f3n personal y cercana. Es importante que se sientan ellos mismos con nosotros, porque as\u00ed las fotograf\u00edas lo reflejar\u00e1n.<\/p>\n<p>Trabajamos sin l\u00edmite de tiempo, somos flexible y abiertos a todo tipo de ideas.Sin embargo nos aseguramos que la calidad de nuestro trabajo cumple con las expectativas y sobre todo, siempre mantenemos mi estilo.<\/p>\n<p>&nbsp;<\/p>\n<h3>RECONOCIMIENTOS FOTOGR\u00c1FICOS<\/h3>\n<p class=\"p1\"><span class=\"s1\">Best 10 FOT\u00d3GRAFO EN ESPA\u00d1A 2018 &amp; 2019<\/span> <a href=\"https:\/\/fotografos-de-boda.net\/en\/clasificacion-actual-mejores-fotografos-fdb\/\" rel=\"nofollow noopener\" target=\"_blank\">Fot\u00f3grafos de Boda<\/a><\/p>\n<p>Top 10 Photographer of the year 2016 by&nbsp;<a href=\"https:\/\/mywed.com\/es\/story\/31210\/\" rel=\"nofollow noopener\" target=\"_blank\">&nbsp;MyWed Nikon Award<\/a><\/p>\n<p class=\"p1\"><span class=\"s1\">Best Real Wedding 2019 AWARD BY <a href=\"https:\/\/www.bodas.net\/cronicas-boda\/chris-gill--rw48659\" rel=\"nofollow noopener\" target=\"_blank\">BODAS.NET<\/a><\/span><\/p>\n<p>First Place Best Single Shot of 2017 Ceremony by&nbsp;<a href=\"https:\/\/mywed.com\/es\/story\/31210\/\" rel=\"nofollow noopener\" target=\"_blank\">MyWed Nikon Award&nbsp;<\/a><\/p>\n<p><a href=\"https:\/\/www.fearlessphotographers.com\/photographers.cfm?photogID=3646&amp;andreu-doz\" rel=\"nofollow noopener\" target=\"_blank\">Fearless Photographers Awards<\/a> : 27 lifetime awards<\/p>\n<p>Best FOT\u00f3GRAFO BODAS BARCELONA<\/p>\n<p>&nbsp;<\/p>\n<h3>Publicadas en varias revistas y peri\u00f3dicos:<\/h3>\n<p><a href=\"https:\/\/www.huffingtonpost.com\/entry\/award-winning-wedding-photography_us_59e11f9fe4b0a52aca17fa9f?utm_campaign=hp_fb_pages&amp;utm_source=main_fb&amp;utm_medium=facebook&amp;ncid=fcbklnkushpmg00000063\" rel=\"nofollow noopener\" target=\"_blank\">Huffington Post<\/a>, <a href=\"https:\/\/www.thesun.co.uk\/fabulous\/4704335\/stunning-gallery-shows-off-some-of-the-most-amazing-wedding-photography-ever\/\" rel=\"nofollow noopener\" target=\"_blank\">The Sun<\/a>, <a href=\"https:\/\/mymodernmet.com\/mywed-wedding-photography-contest\/\" rel=\"nofollow noopener\" target=\"_blank\">My Modern Met<\/a>, Confetti Bridal Magazine, Galway Today<\/p>\n<p>Pero lo que nos trae mas alegr\u00eda y orgullo, son las <a href=\"https:\/\/andreudozphotography.com\/blog\/espanol\/\"><strong>opiniones<\/strong> <strong>de nuestras parejas<\/strong><\/a>.<\/p>\n<p>Si quieres recibir m\u00e1s informaci\u00f3n sobre nuestros servicios, puedes contactarnos <strong><a href=\"http:\/\/andreudozphotography.com\/contactus\">aqu\u00ed .<\/a><\/strong><\/p>\n<p>Website: <a href=\"http:\/\/www.andreudozphotography.com\/\">andreudozphotography.com &#8211;&nbsp;<\/a><\/p>\n<p style=\"text-align: left;\">Facebook Page: <a href=\"https:\/\/www.facebook.com\/andreudozphotography\/\" rel=\"nofollow noopener\" target=\"_blank\">Andreu Doz Photography<\/a><\/p>\n<p style=\"text-align: left;\">Instagram: <a href=\"https:\/\/www.instagram.com\/andreudozphotography\/\" rel=\"nofollow noopener\" target=\"_blank\">@andreudozphotography&nbsp;<\/a><\/p>\n","protected":false},"excerpt":{"rendered":"<p>DOZ PHOTOGRAPHY FOT\u00f3GRAFO BODAS BARCELONA &nbsp; Dos foto\u0301grafos, dos miradas distintas, pero un equipo muy so\u0301lido. Nuestro trabajo es difi\u0301cil porque la responsabilidad que se nos confi\u0301a es enorme. Fotografiar bodas es un privilegio y una aventura. Somos Andreu i Aleksandra, fot\u00f3grafos de boda de Barcelona \u00bfQue\u0301 es el di\u0301a de la boda para nosotros? &hellip; <\/p>\n<p class=\"read-more\"><a class=\"btn btn-default\" href=\"https:\/\/andreudozphotography.com\/blog\/fotografo-bodas-barcelona\/\"> Read More<span class=\"screen-reader-text\">  Read More<\/span><\/a><\/p>\n","protected":false},"author":1,"featured_media":0,"parent":0,"menu_order":0,"comment_status":"open","ping_status":"closed","template":"","meta":{"ngg_post_thumbnail":0,"slim_seo":{"title":"Info \u2013 Andreu Doz Photography","description":"DOZ PHOTOGRAPHY FOT\u00f3GRAFO BODAS BARCELONA &nbsp; Dos foto\u0301grafos, dos miradas distintas, pero un equipo muy so\u0301lido. Nuestro trabajo es difi\u0301cil porque la respo"},"footnotes":""},"class_list":["post-755","page","type-page","status-publish","hentry"],"_links":{"self":[{"href":"https:\/\/andreudozphotography.com\/blog\/wp-json\/wp\/v2\/pages\/755","targetHints":{"allow":["GET"]}}],"collection":[{"href":"https:\/\/andreudozphotography.com\/blog\/wp-json\/wp\/v2\/pages"}],"about":[{"href":"https:\/\/andreudozphotography.com\/blog\/wp-json\/wp\/v2\/types\/page"}],"author":[{"embeddable":true,"href":"https:\/\/andreudozphotography.com\/blog\/wp-json\/wp\/v2\/users\/1"}],"replies":[{"embeddable":true,"href":"https:\/\/andreudozphotography.com\/blog\/wp-json\/wp\/v2\/comments?post=755"}],"version-history":[{"count":0,"href":"https:\/\/andreudozphotography.com\/blog\/wp-json\/wp\/v2\/pages\/755\/revisions"}],"wp:attachment":[{"href":"https:\/\/andreudozphotography.com\/blog\/wp-json\/wp\/v2\/media?parent=755"}],"curies":[{"name":"wp","href":"https:\/\/api.w.org\/{rel}","templated":true}]}}